{"id":3680,"date":"2021-05-10T16:40:14","date_gmt":"2021-05-10T14:40:14","guid":{"rendered":"https:\/\/www.port-armor.com\/?page_id=3680"},"modified":"2023-02-10T12:18:56","modified_gmt":"2023-02-10T11:18:56","slug":"marine-weather-tide-table","status":"publish","type":"page","link":"https:\/\/www.port-armor.com\/en\/marine-weather-tide-table\/","title":{"rendered":"Marine weather &#038; Tide table"},"content":{"rendered":"\t\t<div data-elementor-type=\"wp-page\" data-elementor-id=\"3680\" class=\"elementor elementor-3680 elementor-331\" data-elementor-post-type=\"page\">\n\t\t\t\t\t\t<section class=\"elementor-section elementor-top-section elementor-element elementor-element-057bcd4 elementor-section-boxed elementor-section-height-default elementor-section-height-default\" data-id=\"057bcd4\" data-element_type=\"section\">\n\t\t\t\t\t\t<div class=\"elementor-container elementor-column-gap-default\">\n\t\t\t\t\t<div class=\"elementor-column elementor-col-100 elementor-top-column elementor-element elementor-element-dea98fa\" data-id=\"dea98fa\" data-element_type=\"column\">\n\t\t\t<div class=\"elementor-widget-wrap elementor-element-populated\">\n\t\t\t\t\t\t<section class=\"elementor-section elementor-inner-section elementor-element elementor-element-2bc8c43 elementor-section-boxed elementor-section-height-default elementor-section-height-default\" data-id=\"2bc8c43\" data-element_type=\"section\">\n\t\t\t\t\t\t<div class=\"elementor-container elementor-column-gap-default\">\n\t\t\t\t\t<div class=\"elementor-column elementor-col-50 elementor-inner-column elementor-element elementor-element-e856b5f\" data-id=\"e856b5f\" data-element_type=\"column\">\n\t\t\t<div class=\"elementor-widget-wrap elementor-element-populated\">\n\t\t\t\t\t\t<div class=\"elementor-element elementor-element-9211278 elementor-widget elementor-widget-heading\" data-id=\"9211278\" data-element_type=\"widget\" data-widget_type=\"heading.default\">\n\t\t\t\t<div class=\"elementor-widget-container\">\n\t\t\t\t\t<h2 class=\"elementor-heading-title elementor-size-default\">Weather monitoring<\/h2>\t\t\t\t<\/div>\n\t\t\t\t<\/div>\n\t\t\t\t<div class=\"elementor-element elementor-element-9d12afd elementor-widget elementor-widget-html\" data-id=\"9d12afd\" data-element_type=\"widget\" data-widget_type=\"html.default\">\n\t\t\t\t<div class=\"elementor-widget-container\">\n\t\t\t\t\t<iframe \"width:=\"\" 100%\"=\"\" style=\"width: 730px;\" src=\"https:\/\/widget.holfuy.com\/?station=693&amp;su=knots&amp;t=C&amp;lang=fr&amp;mode=detailed\" width=\"100%\" height=\"250\" frameborder=\"0\" marginwidth=\"1\" marginheight=\"1\" scrolling=\"no\"><\/div>\r\n<div class=\"col-lg-4 text-left\"><strong><strong><br \/>\r\n<\/strong><\/strong><\/p>\r\n<h3>Horaires des mar\u00e9es<\/h3>\r\n<p>&nbsp;<\/p>\r\n<p><strong><br \/>\r\n<\/strong><\/p>\r\n<p><iframe src=\"https:\/\/horloge.maree.frbateaux.net\/ws59\" width=\"100%\" height=\"217\" frameborder=\"0\" scrolling=\"no\" align=\"left\"><br \/>\r\n<a href=\"http:\/\/maree.info\/\" target=\"_top\" rel=\"dofollow noopener noreferrer\">Calendrier des mar\u00e9es &#8211; horaire, hauteur, coefficient de mar\u00e9e<\/a><br \/>\r\n<\/iframe>\t\t\t\t<\/div>\n\t\t\t\t<\/div>\n\t\t\t\t\t<\/div>\n\t\t<\/div>\n\t\t\t\t<div class=\"elementor-column elementor-col-50 elementor-inner-column elementor-element elementor-element-397f59f\" data-id=\"397f59f\" data-element_type=\"column\">\n\t\t\t<div class=\"elementor-widget-wrap elementor-element-populated\">\n\t\t\t\t\t\t<div class=\"elementor-element elementor-element-829629f elementor-widget elementor-widget-heading\" data-id=\"829629f\" data-element_type=\"widget\" data-widget_type=\"heading.default\">\n\t\t\t\t<div class=\"elementor-widget-container\">\n\t\t\t\t\t<h2 class=\"elementor-heading-title elementor-size-default\">Tide clock<\/h2>\t\t\t\t<\/div>\n\t\t\t\t<\/div>\n\t\t\t\t<div class=\"elementor-element elementor-element-7ba2f0a elementor-widget elementor-widget-html\" data-id=\"7ba2f0a\" data-element_type=\"widget\" data-widget_type=\"html.default\">\n\t\t\t\t<div class=\"elementor-widget-container\">\n\t\t\t\t\t<iframe \"width:=\"\" 100%\"=\"\" style=\"height: auto\" ;=\"\" src=\"https:\/\/widget.holfuy.com\/?station=693&amp;su=knots&amp;t=C&amp;lang=fr&amp;mode=average&amp;avgrows=32\" width=\"100%\" height=\"150\" frameborder=\"0\" marginwidth=\"1\" marginheight=\"1\" scrolling=\"no\"><\/div>\r\n<\/div>\r\n<div class=\"row justify-content-start\">\r\n<div class=\"col-lg-12\">\r\n<h3>Moyenne horaire<\/h3>\r\n<p>&nbsp;<\/p>\r\n<\/div>\r\n<p>&nbsp;<\/p>\r\n<div class=\"col-lg-12\">\r\n<div style=\"overflow: scroll;\"><iframe style=\"width: 100%; height: auto; min-width: 1159px; min-height: 170px;\" src=\"https:\/\/widget.holfuy.com\/?station=693&amp;su=knots&amp;t=C&amp;lang=fr&amp;mode=average_hourly&amp;avgrows=32\" width=\"300\" height=\"150\" frameborder=\"0\" marginwidth=\"1\" marginheight=\"1\" scrolling=\"no\"><br \/>\r\n<\/iframe>\t\t\t\t<\/div>\n\t\t\t\t<\/div>\n\t\t\t\t\t<\/div>\n\t\t<\/div>\n\t\t\t\t\t<\/div>\n\t\t<\/section>\n\t\t\t\t\t<\/div>\n\t\t<\/div>\n\t\t\t\t\t<\/div>\n\t\t<\/section>\n\t\t\t\t<section class=\"elementor-section elementor-top-section elementor-element elementor-element-555876d elementor-section-boxed elementor-section-height-default elementor-section-height-default\" data-id=\"555876d\" data-element_type=\"section\">\n\t\t\t\t\t\t<div class=\"elementor-container elementor-column-gap-default\">\n\t\t\t\t\t<div class=\"elementor-column elementor-col-100 elementor-top-column elementor-element elementor-element-17095f7\" data-id=\"17095f7\" data-element_type=\"column\">\n\t\t\t<div class=\"elementor-widget-wrap elementor-element-populated\">\n\t\t\t\t\t\t<div class=\"elementor-element elementor-element-caab59b elementor-widget elementor-widget-heading\" data-id=\"caab59b\" data-element_type=\"widget\" data-widget_type=\"heading.default\">\n\t\t\t\t<div class=\"elementor-widget-container\">\n\t\t\t\t\t<h2 class=\"elementor-heading-title elementor-size-default\">Weather forecast<\/h2>\t\t\t\t<\/div>\n\t\t\t\t<\/div>\n\t\t\t\t<section class=\"elementor-section elementor-inner-section elementor-element elementor-element-d0266b2 elementor-section-boxed elementor-section-height-default elementor-section-height-default\" data-id=\"d0266b2\" data-element_type=\"section\">\n\t\t\t\t\t\t<div class=\"elementor-container elementor-column-gap-default\">\n\t\t\t\t\t<div class=\"elementor-column elementor-col-50 elementor-inner-column elementor-element elementor-element-9711e18\" data-id=\"9711e18\" data-element_type=\"column\">\n\t\t\t<div class=\"elementor-widget-wrap elementor-element-populated\">\n\t\t\t\t\t\t<div class=\"elementor-element elementor-element-2be0ba8 elementor-widget elementor-widget-heading\" data-id=\"2be0ba8\" data-element_type=\"widget\" data-widget_type=\"heading.default\">\n\t\t\t\t<div class=\"elementor-widget-container\">\n\t\t\t\t\t<h3 class=\"elementor-heading-title elementor-size-default\">Marine weather\u00a0<\/h3>\t\t\t\t<\/div>\n\t\t\t\t<\/div>\n\t\t\t\t<div class=\"elementor-element elementor-element-78fb7ac elementor-align-left bouton_plein elementor-widget elementor-widget-button\" data-id=\"78fb7ac\" data-element_type=\"widget\" data-widget_type=\"button.default\">\n\t\t\t\t<div class=\"elementor-widget-container\">\n\t\t\t\t\t\t\t\t\t<div class=\"elementor-button-wrapper\">\n\t\t\t\t\t<a class=\"elementor-button elementor-button-link elementor-size-sm\" href=\"https:\/\/marine.meteoconsult.fr\/meteo-marine\/bulletin-detaille\/port-311\/previsions-meteo-saint-quay-port-d-armor-aujourdhui\" target=\"_blank\">\n\t\t\t\t\t\t<span class=\"elementor-button-content-wrapper\">\n\t\t\t\t\t\t\t\t\t<span class=\"elementor-button-text\">M\u00e9t\u00e9o consult<\/span>\n\t\t\t\t\t<\/span>\n\t\t\t\t\t<\/a>\n\t\t\t\t<\/div>\n\t\t\t\t\t\t\t\t<\/div>\n\t\t\t\t<\/div>\n\t\t\t\t<div class=\"elementor-element elementor-element-9140008 elementor-align-left bouton_plein elementor-widget elementor-widget-button\" data-id=\"9140008\" data-element_type=\"widget\" data-widget_type=\"button.default\">\n\t\t\t\t<div class=\"elementor-widget-container\">\n\t\t\t\t\t\t\t\t\t<div class=\"elementor-button-wrapper\">\n\t\t\t\t\t<a class=\"elementor-button elementor-button-link elementor-size-sm\" href=\"https:\/\/www.windguru.cz\/196\" target=\"_blank\">\n\t\t\t\t\t\t<span class=\"elementor-button-content-wrapper\">\n\t\t\t\t\t\t\t\t\t<span class=\"elementor-button-text\">Windguru<\/span>\n\t\t\t\t\t<\/span>\n\t\t\t\t\t<\/a>\n\t\t\t\t<\/div>\n\t\t\t\t\t\t\t\t<\/div>\n\t\t\t\t<\/div>\n\t\t\t\t\t<\/div>\n\t\t<\/div>\n\t\t\t\t<div class=\"elementor-column elementor-col-50 elementor-inner-column elementor-element elementor-element-83e86c8\" data-id=\"83e86c8\" data-element_type=\"column\">\n\t\t\t<div class=\"elementor-widget-wrap elementor-element-populated\">\n\t\t\t\t\t\t<div class=\"elementor-element elementor-element-e54e71d elementor-widget elementor-widget-heading\" data-id=\"e54e71d\" data-element_type=\"widget\" data-widget_type=\"heading.default\">\n\t\t\t\t<div class=\"elementor-widget-container\">\n\t\t\t\t\t<h3 class=\"elementor-heading-title elementor-size-default\">Tide chart\u00a0<\/h3>\t\t\t\t<\/div>\n\t\t\t\t<\/div>\n\t\t\t\t<div class=\"elementor-element elementor-element-7191709 elementor-align-left bouton_plein elementor-widget elementor-widget-button\" data-id=\"7191709\" data-element_type=\"widget\" data-widget_type=\"button.default\">\n\t\t\t\t<div class=\"elementor-widget-container\">\n\t\t\t\t\t\t\t\t\t<div class=\"elementor-button-wrapper\">\n\t\t\t\t\t<a class=\"elementor-button elementor-button-link elementor-size-sm\" href=\"https:\/\/maree.shom.fr\/harbor\/SAINT-QUAY-PORTRIEUX\/\" target=\"_blank\">\n\t\t\t\t\t\t<span class=\"elementor-button-content-wrapper\">\n\t\t\t\t\t\t\t\t\t<span class=\"elementor-button-text\">Tides at saint-quay-portrieux<\/span>\n\t\t\t\t\t<\/span>\n\t\t\t\t\t<\/a>\n\t\t\t\t<\/div>\n\t\t\t\t\t\t\t\t<\/div>\n\t\t\t\t<\/div>\n\t\t\t\t\t<\/div>\n\t\t<\/div>\n\t\t\t\t\t<\/div>\n\t\t<\/section>\n\t\t\t\t\t<\/div>\n\t\t<\/div>\n\t\t\t\t\t<\/div>\n\t\t<\/section>\n\t\t\t\t<\/div>\n\t\t","protected":false},"excerpt":{"rendered":"<p>Weather monitoring Horaires des mar\u00e9es &nbsp; Calendrier des mar\u00e9es &#8211; horaire, hauteur, coefficient de mar\u00e9e [&hellip;]<\/p>\n","protected":false},"author":1,"featured_media":0,"parent":0,"menu_order":0,"comment_status":"closed","ping_status":"closed","template":"","meta":{"_acf_changed":false,"footnotes":""},"class_list":["post-3680","page","type-page","status-publish","hentry","wpbf-post"],"acf":[],"yoast_head":"<!-- This site is optimized with the Yoast SEO plugin v25.9 - https:\/\/yoast.com\/wordpress\/plugins\/seo\/ -->\n<title>Marine weather &amp; Tide table - Saint-Quay Port d&#039;Armor<\/title>\n<meta name=\"robots\" content=\"index, follow, max-snippet:-1, max-image-preview:large, max-video-preview:-1\" \/>\n<link rel=\"canonical\" href=\"https:\/\/www.port-armor.com\/meteo\/\" \/>\n<meta property=\"og:locale\" content=\"en_US\" \/>\n<meta property=\"og:type\" content=\"article\" \/>\n<meta property=\"og:title\" content=\"Marine weather &amp; Tide table - Saint-Quay Port d&#039;Armor\" \/>\n<meta property=\"og:description\" content=\"Weather monitoring Horaires des mar\u00e9es &nbsp; Calendrier des mar\u00e9es &#8211; horaire, hauteur, coefficient de mar\u00e9e [&hellip;]\" \/>\n<meta property=\"og:url\" content=\"https:\/\/www.port-armor.com\/meteo\/\" \/>\n<meta property=\"og:site_name\" content=\"Saint-Quay Port d&#039;Armor\" \/>\n<meta property=\"article:modified_time\" content=\"2023-02-10T11:18:56+00:00\" \/>\n<meta name=\"twitter:card\" content=\"summary_large_image\" \/>\n<meta name=\"twitter:label1\" content=\"Est. reading time\" \/>\n\t<meta name=\"twitter:data1\" content=\"1 minute\" \/>\n<script type=\"application\/ld+json\" class=\"yoast-schema-graph\">{\"@context\":\"https:\/\/schema.org\",\"@graph\":[{\"@type\":\"WebPage\",\"@id\":\"https:\/\/www.port-armor.com\/meteo\/\",\"url\":\"https:\/\/www.port-armor.com\/meteo\/\",\"name\":\"Marine weather & Tide table - Saint-Quay Port d&#039;Armor\",\"isPartOf\":{\"@id\":\"https:\/\/www.port-armor.com\/#website\"},\"datePublished\":\"2021-05-10T14:40:14+00:00\",\"dateModified\":\"2023-02-10T11:18:56+00:00\",\"breadcrumb\":{\"@id\":\"https:\/\/www.port-armor.com\/meteo\/#breadcrumb\"},\"inLanguage\":\"en-US\",\"potentialAction\":[{\"@type\":\"ReadAction\",\"target\":[\"https:\/\/www.port-armor.com\/meteo\/\"]}]},{\"@type\":\"BreadcrumbList\",\"@id\":\"https:\/\/www.port-armor.com\/meteo\/#breadcrumb\",\"itemListElement\":[{\"@type\":\"ListItem\",\"position\":1,\"name\":\"Accueil\",\"item\":\"https:\/\/www.port-armor.com\/en\/\"},{\"@type\":\"ListItem\",\"position\":2,\"name\":\"Marine weather &#038; Tide table\"}]},{\"@type\":\"WebSite\",\"@id\":\"https:\/\/www.port-armor.com\/#website\",\"url\":\"https:\/\/www.port-armor.com\/\",\"name\":\"Saint-Quay Port d&#039;Armor\",\"description\":\"\",\"potentialAction\":[{\"@type\":\"SearchAction\",\"target\":{\"@type\":\"EntryPoint\",\"urlTemplate\":\"https:\/\/www.port-armor.com\/?s={search_term_string}\"},\"query-input\":{\"@type\":\"PropertyValueSpecification\",\"valueRequired\":true,\"valueName\":\"search_term_string\"}}],\"inLanguage\":\"en-US\"}]}<\/script>\n<!-- \/ Yoast SEO plugin. -->","yoast_head_json":{"title":"Marine weather & Tide table - Saint-Quay Port d&#039;Armor","robots":{"index":"index","follow":"follow","max-snippet":"max-snippet:-1","max-image-preview":"max-image-preview:large","max-video-preview":"max-video-preview:-1"},"canonical":"https:\/\/www.port-armor.com\/meteo\/","og_locale":"en_US","og_type":"article","og_title":"Marine weather & Tide table - Saint-Quay Port d&#039;Armor","og_description":"Weather monitoring Horaires des mar\u00e9es &nbsp; Calendrier des mar\u00e9es &#8211; horaire, hauteur, coefficient de mar\u00e9e [&hellip;]","og_url":"https:\/\/www.port-armor.com\/meteo\/","og_site_name":"Saint-Quay Port d&#039;Armor","article_modified_time":"2023-02-10T11:18:56+00:00","twitter_card":"summary_large_image","twitter_misc":{"Est. reading time":"1 minute"},"schema":{"@context":"https:\/\/schema.org","@graph":[{"@type":"WebPage","@id":"https:\/\/www.port-armor.com\/meteo\/","url":"https:\/\/www.port-armor.com\/meteo\/","name":"Marine weather & Tide table - Saint-Quay Port d&#039;Armor","isPartOf":{"@id":"https:\/\/www.port-armor.com\/#website"},"datePublished":"2021-05-10T14:40:14+00:00","dateModified":"2023-02-10T11:18:56+00:00","breadcrumb":{"@id":"https:\/\/www.port-armor.com\/meteo\/#breadcrumb"},"inLanguage":"en-US","potentialAction":[{"@type":"ReadAction","target":["https:\/\/www.port-armor.com\/meteo\/"]}]},{"@type":"BreadcrumbList","@id":"https:\/\/www.port-armor.com\/meteo\/#breadcrumb","itemListElement":[{"@type":"ListItem","position":1,"name":"Accueil","item":"https:\/\/www.port-armor.com\/en\/"},{"@type":"ListItem","position":2,"name":"Marine weather &#038; Tide table"}]},{"@type":"WebSite","@id":"https:\/\/www.port-armor.com\/#website","url":"https:\/\/www.port-armor.com\/","name":"Saint-Quay Port d&#039;Armor","description":"","potentialAction":[{"@type":"SearchAction","target":{"@type":"EntryPoint","urlTemplate":"https:\/\/www.port-armor.com\/?s={search_term_string}"},"query-input":{"@type":"PropertyValueSpecification","valueRequired":true,"valueName":"search_term_string"}}],"inLanguage":"en-US"}]}},"_links":{"self":[{"href":"https:\/\/www.port-armor.com\/en\/wp-json\/wp\/v2\/pages\/3680","targetHints":{"allow":["GET"]}}],"collection":[{"href":"https:\/\/www.port-armor.com\/en\/wp-json\/wp\/v2\/pages"}],"about":[{"href":"https:\/\/www.port-armor.com\/en\/wp-json\/wp\/v2\/types\/page"}],"author":[{"embeddable":true,"href":"https:\/\/www.port-armor.com\/en\/wp-json\/wp\/v2\/users\/1"}],"replies":[{"embeddable":true,"href":"https:\/\/www.port-armor.com\/en\/wp-json\/wp\/v2\/comments?post=3680"}],"version-history":[{"count":7,"href":"https:\/\/www.port-armor.com\/en\/wp-json\/wp\/v2\/pages\/3680\/revisions"}],"predecessor-version":[{"id":11644,"href":"https:\/\/www.port-armor.com\/en\/wp-json\/wp\/v2\/pages\/3680\/revisions\/11644"}],"wp:attachment":[{"href":"https:\/\/www.port-armor.com\/en\/wp-json\/wp\/v2\/media?parent=3680"}],"curies":[{"name":"wp","href":"https:\/\/api.w.org\/{rel}","templated":true}]}}