{"id":14335,"date":"2021-06-02T10:34:56","date_gmt":"2021-06-02T08:34:56","guid":{"rendered":"https:\/\/www.port-armor.com\/complete-forms-online\/fiche-de-reclamation-client\/"},"modified":"2025-03-21T17:05:20","modified_gmt":"2025-03-21T16:05:20","slug":"fiche-de-reclamation-client","status":"publish","type":"page","link":"https:\/\/www.port-armor.com\/en\/complete-forms-online\/fiche-de-reclamation-client\/","title":{"rendered":"Fiche de r\u00e9clamation client"},"content":{"rendered":"\t\t<div data-elementor-type=\"wp-page\" data-elementor-id=\"14335\" class=\"elementor elementor-14335 elementor-5368\" data-elementor-post-type=\"page\">\n\t\t\t\t\t\t<section class=\"elementor-section elementor-top-section elementor-element elementor-element-19d4e9d5 elementor-section-boxed elementor-section-height-default elementor-section-height-default\" data-id=\"19d4e9d5\" data-element_type=\"section\">\n\t\t\t\t\t\t<div class=\"elementor-container elementor-column-gap-default\">\n\t\t\t\t\t<div class=\"elementor-column elementor-col-100 elementor-top-column elementor-element elementor-element-48f72bec\" data-id=\"48f72bec\" data-element_type=\"column\">\n\t\t\t<div class=\"elementor-widget-wrap elementor-element-populated\">\n\t\t\t\t\t\t<section class=\"elementor-section elementor-inner-section elementor-element elementor-element-6baf8e3f elementor-section-boxed elementor-section-height-default elementor-section-height-default\" data-id=\"6baf8e3f\" data-element_type=\"section\">\n\t\t\t\t\t\t<div class=\"elementor-container elementor-column-gap-default\">\n\t\t\t\t\t<div class=\"elementor-column elementor-col-100 elementor-inner-column elementor-element elementor-element-618f18ba\" data-id=\"618f18ba\" data-element_type=\"column\">\n\t\t\t<div class=\"elementor-widget-wrap elementor-element-populated\">\n\t\t\t\t\t\t<div class=\"elementor-element elementor-element-606de66c elementor-widget elementor-widget-shortcode\" data-id=\"606de66c\" data-element_type=\"widget\" data-widget_type=\"shortcode.default\">\n\t\t\t\t<div class=\"elementor-widget-container\">\n\t\t\t\t\t\t\t<div class=\"elementor-shortcode\">\n<div class=\"wpcf7 no-js\" id=\"wpcf7-f14338-o1\" lang=\"fr-FR\" dir=\"ltr\" data-wpcf7-id=\"14338\">\n<div class=\"screen-reader-response\"><p role=\"status\" aria-live=\"polite\" aria-atomic=\"true\"><\/p> <ul><\/ul><\/div>\n<form action=\"\/en\/wp-json\/wp\/v2\/pages\/14335#wpcf7-f14338-o1\" method=\"post\" class=\"wpcf7-form init\" aria-label=\"Formulaire de contact\" novalidate=\"novalidate\" data-status=\"init\">\n<fieldset class=\"hidden-fields-container\"><input type=\"hidden\" name=\"_wpcf7\" value=\"14338\" \/><input type=\"hidden\" name=\"_wpcf7_version\" value=\"6.1.1\" \/><input type=\"hidden\" name=\"_wpcf7_locale\" value=\"fr_FR\" \/><input type=\"hidden\" name=\"_wpcf7_unit_tag\" value=\"wpcf7-f14338-o1\" \/><input type=\"hidden\" name=\"_wpcf7_container_post\" value=\"0\" \/><input type=\"hidden\" name=\"_wpcf7_posted_data_hash\" value=\"\" \/><input type=\"hidden\" name=\"_wpcf7_recaptcha_response\" value=\"\" \/>\n<\/fieldset>\n<p class=\"text\">\u00c0 remplir par le r\u00e9clamant ou son r\u00e9f\u00e9rent\n<\/p>\n<p class=\"asterisk\"><em>*Champs obligatoires<\/em>\n<\/p>\n<div id=\"formulaires\">\n\t<div class=\"formulaire\">\n\t\t<p><label> Nom*<span class=\"wpcf7-form-control-wrap\" data-name=\"lastname\"><input size=\"40\" maxlength=\"400\" class=\"wpcf7-form-control wpcf7-text wpcf7-validates-as-required\" aria-required=\"true\" aria-invalid=\"false\" value=\"\" type=\"text\" name=\"lastname\" \/><\/span> <\/label><br \/>\n<label> Pr\u00e9nom*<span class=\"wpcf7-form-control-wrap\" data-name=\"firtname\"><input size=\"40\" maxlength=\"400\" class=\"wpcf7-form-control wpcf7-text wpcf7-validates-as-required\" aria-required=\"true\" aria-invalid=\"false\" value=\"\" type=\"text\" name=\"firtname\" \/><\/span> <\/label><br \/>\n<label class=\"adress\"> Adresse*<span class=\"wpcf7-form-control-wrap\" data-name=\"adress\"><input size=\"40\" maxlength=\"400\" class=\"wpcf7-form-control wpcf7-text wpcf7-validates-as-required\" aria-required=\"true\" aria-invalid=\"false\" value=\"\" type=\"text\" name=\"adress\" \/><\/span> <\/label><br \/>\n<label> Code postal*<span class=\"wpcf7-form-control-wrap\" data-name=\"postal\"><input size=\"40\" maxlength=\"400\" class=\"wpcf7-form-control wpcf7-text wpcf7-validates-as-required\" aria-required=\"true\" aria-invalid=\"false\" value=\"\" type=\"text\" name=\"postal\" \/><\/span> <\/label><br \/>\n<label> Ville*<span class=\"wpcf7-form-control-wrap\" data-name=\"city\"><input size=\"40\" maxlength=\"400\" class=\"wpcf7-form-control wpcf7-text wpcf7-validates-as-required\" aria-required=\"true\" aria-invalid=\"false\" value=\"\" type=\"text\" name=\"city\" \/><\/span> <\/label><br \/>\n<label> Email*<span class=\"wpcf7-form-control-wrap\" data-name=\"email\"><input size=\"40\" maxlength=\"400\" class=\"wpcf7-form-control wpcf7-text wpcf7-validates-as-required\" aria-required=\"true\" aria-invalid=\"false\" value=\"\" type=\"text\" name=\"email\" \/><\/span> <\/label><br \/>\n<label> Mobile*<span class=\"wpcf7-form-control-wrap\" data-name=\"phone\"><input size=\"40\" maxlength=\"400\" class=\"wpcf7-form-control wpcf7-text wpcf7-validates-as-required\" aria-required=\"true\" aria-invalid=\"false\" value=\"\" type=\"text\" name=\"phone\" \/><\/span> <\/label><br \/>\n<label> Nom du bateau*<span class=\"wpcf7-form-control-wrap\" data-name=\"boatname\"><input size=\"40\" maxlength=\"400\" class=\"wpcf7-form-control wpcf7-text wpcf7-validates-as-required\" aria-required=\"true\" aria-invalid=\"false\" value=\"\" type=\"text\" name=\"boatname\" \/><\/span> <\/label><br \/>\n<label> Poste d'amarrage<span class=\"wpcf7-form-control-wrap\" data-name=\"amarrage\"><input size=\"40\" maxlength=\"400\" class=\"wpcf7-form-control wpcf7-text\" aria-invalid=\"false\" value=\"\" type=\"text\" name=\"amarrage\" \/><\/span> <\/label>\n\t\t<\/p>\n\t\t<p class=\"text form\">Type de contrat*: <span class=\"wpcf7-form-control-wrap\" data-name=\"checkbox-146\"><span class=\"wpcf7-form-control wpcf7-checkbox wpcf7-validates-as-required wpcf7-exclusive-checkbox\"><span class=\"wpcf7-list-item first\"><label><input type=\"checkbox\" name=\"checkbox-146\" value=\"Locataire annuel\" \/><span class=\"wpcf7-list-item-label\">Locataire annuel<\/span><\/label><\/span><span class=\"wpcf7-list-item\"><label><input type=\"checkbox\" name=\"checkbox-146\" value=\"Garantie d&#039;usage\" \/><span class=\"wpcf7-list-item-label\">Garantie d&#039;usage<\/span><\/label><\/span><span class=\"wpcf7-list-item last\"><label><input type=\"checkbox\" name=\"checkbox-146\" value=\"Escale\" \/><span class=\"wpcf7-list-item-label\">Escale<\/span><\/label><\/span><\/span><\/span>\n\t\t<\/p>\n\t\t<p class=\"text form\">P\u00e9riode\u00a0: du <span class=\"wpcf7-form-control-wrap\" data-name=\"date-844\"><input class=\"wpcf7-form-control wpcf7-date wpcf7-validates-as-required wpcf7-validates-as-date\" aria-required=\"true\" aria-invalid=\"false\" value=\"\" type=\"date\" name=\"date-844\" \/><\/span> au <span class=\"wpcf7-form-control-wrap\" data-name=\"date-845\"><input class=\"wpcf7-form-control wpcf7-date wpcf7-validates-as-required wpcf7-validates-as-date\" aria-required=\"true\" aria-invalid=\"false\" value=\"\" type=\"date\" name=\"date-845\" \/><\/span>\n\t\t<\/p>\n\t\t<p class=\"text\"><strong>Nature de la r\u00e9clamation.<\/strong>\n\t\t<\/p>\n\t\t<p class=\"text\">Votre r\u00e9clamation concerne :\n\t\t<\/p>\n\t\t<p class=\"text\"><strong>L'accueil et\/ ou le s\u00e9jour<\/strong>\n\t\t<\/p>\n\t\t<p>[checkbox checkbox-19 use_label_element \"L'accueil,ou le service rendu sur la bassin lors de votre arriv\u00e9e au port d'Armor (assistance \u00e0 l'amarrage, remorquage, placement, contact VHF...)\"L'accueil ou le service rendu lors de votre passage \u00e0 la capitainerie ou au bureau des escales\" \"Vos conditions de s\u00e9jour lors de votre escale (l'environnement, les services...)\" \"La propret\u00e9 des \u00e9quipements, le confort (sanitaires, pontons)\"]\n\t\t<\/p>\n\t\t<p class=\"text\"><strong>L'aspect technique<\/strong>\n\t\t<\/p>\n\t\t<p><span class=\"wpcf7-form-control-wrap\" data-name=\"checkbox-420\"><span class=\"wpcf7-form-control wpcf7-checkbox\"><span class=\"wpcf7-list-item first\"><label><input type=\"checkbox\" name=\"checkbox-420[]\" value=\"L&#039;infrastructure de nos \u00e9quipements: pontons, catways, pompe \u00e0 carburant, pompe EU\" \/><span class=\"wpcf7-list-item-label\">L&#039;infrastructure de nos \u00e9quipements: pontons, catways, pompe \u00e0 carburant, pompe EU<\/span><\/label><\/span><span class=\"wpcf7-list-item\"><label><input type=\"checkbox\" name=\"checkbox-420[]\" value=\"L&#039;\u00e9nergie : borne de distribution, eau ou\/et \u00e9lectricit\u00e9\" \/><span class=\"wpcf7-list-item-label\">L&#039;\u00e9nergie : borne de distribution, eau ou\/et \u00e9lectricit\u00e9<\/span><\/label><\/span><span class=\"wpcf7-list-item last\"><label><input type=\"checkbox\" name=\"checkbox-420[]\" value=\"L&#039;Environnement: tri d\u00e9chets\" \/><span class=\"wpcf7-list-item-label\">L&#039;Environnement: tri d\u00e9chets<\/span><\/label><\/span><\/span><\/span>\n\t\t<\/p>\n\t\t<p class=\"text\"><strong>Autre. Pr\u00e9cisez :<\/strong>\n\t\t<\/p>\n\t\t<p><span class=\"wpcf7-form-control-wrap\" data-name=\"Motif\"><textarea cols=\"40\" rows=\"10\" maxlength=\"2000\" class=\"wpcf7-form-control wpcf7-textarea\" aria-invalid=\"false\" placeholder=\"\" name=\"Motif\"><\/textarea><\/span>\n\t\t<\/p>\n\t\t<p class=\"text form\">Date des faits : <span class=\"wpcf7-form-control-wrap\" data-name=\"date-514\"><input class=\"wpcf7-form-control wpcf7-date wpcf7-validates-as-required wpcf7-validates-as-date\" aria-required=\"true\" aria-invalid=\"false\" value=\"2026-04-22\" type=\"date\" name=\"date-514\" \/><\/span>\n\t\t<\/p>\n\t\t<p><label> Les faits (et leurs causes):<span class=\"wpcf7-form-control-wrap\" data-name=\"Faits\"><textarea cols=\"40\" rows=\"10\" maxlength=\"2000\" class=\"wpcf7-form-control wpcf7-textarea\" aria-invalid=\"false\" placeholder=\"\" name=\"Faits\"><\/textarea><\/span> <\/label><br \/>\n<label> Les cons\u00e9quences:<span class=\"wpcf7-form-control-wrap\" data-name=\"Consequences\"><textarea cols=\"40\" rows=\"10\" maxlength=\"2000\" class=\"wpcf7-form-control wpcf7-textarea\" aria-invalid=\"false\" placeholder=\"\" name=\"Consequences\"><\/textarea><\/span> <\/label>\n\t\t<\/p>\n\t<\/div>\n\t<div class=\"end\">\n\t\t<p class=\"text form\">Rempli par :<span class=\"wpcf7-form-control-wrap\" data-name=\"lieu\"><input size=\"40\" maxlength=\"400\" class=\"wpcf7-form-control wpcf7-text wpcf7-validates-as-required\" aria-required=\"true\" aria-invalid=\"false\" value=\"\" type=\"text\" name=\"lieu\" \/><\/span> Date : <span class=\"wpcf7-form-control-wrap\" data-name=\"date-513\"><input class=\"wpcf7-form-control wpcf7-date wpcf7-validates-as-required wpcf7-validates-as-date\" aria-required=\"true\" aria-invalid=\"false\" value=\"2026-04-22\" type=\"date\" name=\"date-513\" \/><\/span>\n\t\t<\/p>\n\t<\/div>\n\t<div class=\"bouton\">\n\t\t<p><input class=\"wpcf7-form-control wpcf7-submit has-spinner\" type=\"submit\" value=\"Envoyer\" \/>\n\t\t<\/p>\n\t<\/div>\n\t<p class=\"asterisk\"><em>Conform\u00e9ment au R\u00e8glement G\u00e9n\u00e9ral sur la Protection des Donn\u00e9es, vos informations recueillies font l'objet d'un traitement de Saint-Quay Port d'Armor. Veuillez vous r\u00e9f\u00e9rer \u00e0 <a href=\"https:\/\/www.port-armor.com\/politique-confidentialite\" target=\"_blank\" rel=\"noopener noreferrer\">Politique de Confidentialit\u00e9 des Donn\u00e9es Personnelles<\/a>. Pour conna\u00eetre vos droits, vous pouvez contacter : Monsieur le Directeur, Capitainerie - Espace Eric Tabarly - 22410 Saint-Quay-Portrieux ou par courriel \u00e0 l'adresse suivante : <a href=\"mailto:rgpd@port-armor.com\">rgpd@port-armor.com<\/a><\/em>\n\t<\/p>\n<\/div><div class=\"wpcf7-response-output\" aria-hidden=\"true\"><\/div>\n<\/form>\n<\/div>\n<\/div>\n\t\t\t\t\t\t<\/div>\n\t\t\t\t<\/div>\n\t\t\t\t\t<\/div>\n\t\t<\/div>\n\t\t\t\t\t<\/div>\n\t\t<\/section>\n\t\t\t\t\t<\/div>\n\t\t<\/div>\n\t\t\t\t\t<\/div>\n\t\t<\/section>\n\t\t\t\t<\/div>\n\t\t","protected":false},"excerpt":{"rendered":"","protected":false},"author":1,"featured_media":0,"parent":13811,"menu_order":0,"comment_status":"closed","ping_status":"closed","template":"","meta":{"_acf_changed":false,"footnotes":""},"class_list":["post-14335","page","type-page","status-publish","hentry","wpbf-post"],"acf":[],"yoast_head":"<!-- This site is optimized with the Yoast SEO plugin v25.9 - https:\/\/yoast.com\/wordpress\/plugins\/seo\/ -->\n<title>Fiche de r\u00e9clamation client - Saint-Quay Port d&#039;Armor<\/title>\n<meta name=\"robots\" content=\"index, follow, max-snippet:-1, max-image-preview:large, max-video-preview:-1\" \/>\n<link rel=\"canonical\" href=\"https:\/\/www.port-armor.com\/en\/complete-forms-online\/fiche-de-reclamation-client\/\" \/>\n<meta property=\"og:locale\" content=\"en_US\" \/>\n<meta property=\"og:type\" content=\"article\" \/>\n<meta property=\"og:title\" content=\"Fiche de r\u00e9clamation client - Saint-Quay Port d&#039;Armor\" \/>\n<meta property=\"og:url\" content=\"https:\/\/www.port-armor.com\/en\/complete-forms-online\/fiche-de-reclamation-client\/\" \/>\n<meta property=\"og:site_name\" content=\"Saint-Quay Port d&#039;Armor\" \/>\n<meta property=\"article:modified_time\" content=\"2025-03-21T16:05:20+00:00\" \/>\n<meta name=\"twitter:card\" content=\"summary_large_image\" \/>\n<meta name=\"twitter:label1\" content=\"Est. reading time\" \/>\n\t<meta name=\"twitter:data1\" content=\"1 minute\" \/>\n<script type=\"application\/ld+json\" class=\"yoast-schema-graph\">{\"@context\":\"https:\/\/schema.org\",\"@graph\":[{\"@type\":\"WebPage\",\"@id\":\"https:\/\/www.port-armor.com\/en\/complete-forms-online\/fiche-de-reclamation-client\/\",\"url\":\"https:\/\/www.port-armor.com\/en\/complete-forms-online\/fiche-de-reclamation-client\/\",\"name\":\"Fiche de r\u00e9clamation client - Saint-Quay Port d&#039;Armor\",\"isPartOf\":{\"@id\":\"https:\/\/www.port-armor.com\/#website\"},\"datePublished\":\"2021-06-02T08:34:56+00:00\",\"dateModified\":\"2025-03-21T16:05:20+00:00\",\"breadcrumb\":{\"@id\":\"https:\/\/www.port-armor.com\/en\/complete-forms-online\/fiche-de-reclamation-client\/#breadcrumb\"},\"inLanguage\":\"en-US\",\"potentialAction\":[{\"@type\":\"ReadAction\",\"target\":[\"https:\/\/www.port-armor.com\/en\/complete-forms-online\/fiche-de-reclamation-client\/\"]}]},{\"@type\":\"BreadcrumbList\",\"@id\":\"https:\/\/www.port-armor.com\/en\/complete-forms-online\/fiche-de-reclamation-client\/#breadcrumb\",\"itemListElement\":[{\"@type\":\"ListItem\",\"position\":1,\"name\":\"Accueil\",\"item\":\"https:\/\/www.port-armor.com\/en\/\"},{\"@type\":\"ListItem\",\"position\":2,\"name\":\"COMPLETE FORMS ONLINE\",\"item\":\"https:\/\/www.port-armor.com\/en\/complete-forms-online\/\"},{\"@type\":\"ListItem\",\"position\":3,\"name\":\"Fiche de r\u00e9clamation client\"}]},{\"@type\":\"WebSite\",\"@id\":\"https:\/\/www.port-armor.com\/#website\",\"url\":\"https:\/\/www.port-armor.com\/\",\"name\":\"Saint-Quay Port d&#039;Armor\",\"description\":\"\",\"potentialAction\":[{\"@type\":\"SearchAction\",\"target\":{\"@type\":\"EntryPoint\",\"urlTemplate\":\"https:\/\/www.port-armor.com\/?s={search_term_string}\"},\"query-input\":{\"@type\":\"PropertyValueSpecification\",\"valueRequired\":true,\"valueName\":\"search_term_string\"}}],\"inLanguage\":\"en-US\"}]}<\/script>\n<!-- \/ Yoast SEO plugin. -->","yoast_head_json":{"title":"Fiche de r\u00e9clamation client - Saint-Quay Port d&#039;Armor","robots":{"index":"index","follow":"follow","max-snippet":"max-snippet:-1","max-image-preview":"max-image-preview:large","max-video-preview":"max-video-preview:-1"},"canonical":"https:\/\/www.port-armor.com\/en\/complete-forms-online\/fiche-de-reclamation-client\/","og_locale":"en_US","og_type":"article","og_title":"Fiche de r\u00e9clamation client - Saint-Quay Port d&#039;Armor","og_url":"https:\/\/www.port-armor.com\/en\/complete-forms-online\/fiche-de-reclamation-client\/","og_site_name":"Saint-Quay Port d&#039;Armor","article_modified_time":"2025-03-21T16:05:20+00:00","twitter_card":"summary_large_image","twitter_misc":{"Est. reading time":"1 minute"},"schema":{"@context":"https:\/\/schema.org","@graph":[{"@type":"WebPage","@id":"https:\/\/www.port-armor.com\/en\/complete-forms-online\/fiche-de-reclamation-client\/","url":"https:\/\/www.port-armor.com\/en\/complete-forms-online\/fiche-de-reclamation-client\/","name":"Fiche de r\u00e9clamation client - Saint-Quay Port d&#039;Armor","isPartOf":{"@id":"https:\/\/www.port-armor.com\/#website"},"datePublished":"2021-06-02T08:34:56+00:00","dateModified":"2025-03-21T16:05:20+00:00","breadcrumb":{"@id":"https:\/\/www.port-armor.com\/en\/complete-forms-online\/fiche-de-reclamation-client\/#breadcrumb"},"inLanguage":"en-US","potentialAction":[{"@type":"ReadAction","target":["https:\/\/www.port-armor.com\/en\/complete-forms-online\/fiche-de-reclamation-client\/"]}]},{"@type":"BreadcrumbList","@id":"https:\/\/www.port-armor.com\/en\/complete-forms-online\/fiche-de-reclamation-client\/#breadcrumb","itemListElement":[{"@type":"ListItem","position":1,"name":"Accueil","item":"https:\/\/www.port-armor.com\/en\/"},{"@type":"ListItem","position":2,"name":"COMPLETE FORMS ONLINE","item":"https:\/\/www.port-armor.com\/en\/complete-forms-online\/"},{"@type":"ListItem","position":3,"name":"Fiche de r\u00e9clamation client"}]},{"@type":"WebSite","@id":"https:\/\/www.port-armor.com\/#website","url":"https:\/\/www.port-armor.com\/","name":"Saint-Quay Port d&#039;Armor","description":"","potentialAction":[{"@type":"SearchAction","target":{"@type":"EntryPoint","urlTemplate":"https:\/\/www.port-armor.com\/?s={search_term_string}"},"query-input":{"@type":"PropertyValueSpecification","valueRequired":true,"valueName":"search_term_string"}}],"inLanguage":"en-US"}]}},"_links":{"self":[{"href":"https:\/\/www.port-armor.com\/en\/wp-json\/wp\/v2\/pages\/14335","targetHints":{"allow":["GET"]}}],"collection":[{"href":"https:\/\/www.port-armor.com\/en\/wp-json\/wp\/v2\/pages"}],"about":[{"href":"https:\/\/www.port-armor.com\/en\/wp-json\/wp\/v2\/types\/page"}],"author":[{"embeddable":true,"href":"https:\/\/www.port-armor.com\/en\/wp-json\/wp\/v2\/users\/1"}],"replies":[{"embeddable":true,"href":"https:\/\/www.port-armor.com\/en\/wp-json\/wp\/v2\/comments?post=14335"}],"version-history":[{"count":12,"href":"https:\/\/www.port-armor.com\/en\/wp-json\/wp\/v2\/pages\/14335\/revisions"}],"predecessor-version":[{"id":17924,"href":"https:\/\/www.port-armor.com\/en\/wp-json\/wp\/v2\/pages\/14335\/revisions\/17924"}],"up":[{"embeddable":true,"href":"https:\/\/www.port-armor.com\/en\/wp-json\/wp\/v2\/pages\/13811"}],"wp:attachment":[{"href":"https:\/\/www.port-armor.com\/en\/wp-json\/wp\/v2\/media?parent=14335"}],"curies":[{"name":"wp","href":"https:\/\/api.w.org\/{rel}","templated":true}]}}