{"id":13991,"date":"2023-09-29T18:12:40","date_gmt":"2023-09-29T16:12:40","guid":{"rendered":"https:\/\/www.port-armor.com\/online-services\/download-documents\/"},"modified":"2026-03-24T09:10:04","modified_gmt":"2026-03-24T08:10:04","slug":"download-documents","status":"publish","type":"page","link":"https:\/\/www.port-armor.com\/en\/online-services\/download-documents\/","title":{"rendered":"Download Documents"},"content":{"rendered":"\t\t<div data-elementor-type=\"wp-page\" data-elementor-id=\"13991\" class=\"elementor elementor-13991 elementor-343\" data-elementor-post-type=\"page\">\n\t\t\t\t\t\t<section class=\"elementor-section elementor-top-section elementor-element elementor-element-5ee9bec telechargements_documents elementor-section-boxed elementor-section-height-default elementor-section-height-default\" data-id=\"5ee9bec\" data-element_type=\"section\">\n\t\t\t\t\t\t<div class=\"elementor-container elementor-column-gap-default\">\n\t\t\t\t\t<div class=\"elementor-column elementor-col-100 elementor-top-column elementor-element elementor-element-0f5141e\" data-id=\"0f5141e\" data-element_type=\"column\">\n\t\t\t<div class=\"elementor-widget-wrap elementor-element-populated\">\n\t\t\t\t\t\t<section class=\"elementor-section elementor-inner-section elementor-element elementor-element-a4f3423 elementor-section-boxed elementor-section-height-default elementor-section-height-default\" data-id=\"a4f3423\" data-element_type=\"section\">\n\t\t\t\t\t\t<div class=\"elementor-container elementor-column-gap-default\">\n\t\t\t\t\t<div class=\"elementor-column elementor-col-33 elementor-inner-column elementor-element elementor-element-586bde4\" data-id=\"586bde4\" data-element_type=\"column\">\n\t\t\t<div class=\"elementor-widget-wrap elementor-element-populated\">\n\t\t\t\t\t\t<div class=\"elementor-element elementor-element-b413f95 elementor-widget elementor-widget-heading\" data-id=\"b413f95\" data-element_type=\"widget\" data-widget_type=\"heading.default\">\n\t\t\t\t<div class=\"elementor-widget-container\">\n\t\t\t\t\t<h2 class=\"elementor-heading-title elementor-size-default\">QUALITY - SECURITY:<\/h2>\t\t\t\t<\/div>\n\t\t\t\t<\/div>\n\t\t\t\t<div class=\"elementor-element elementor-element-1c69cde elementor-widget elementor-widget-text-editor\" data-id=\"1c69cde\" data-element_type=\"widget\" data-widget_type=\"text-editor.default\">\n\t\t\t\t<div class=\"elementor-widget-container\">\n\t\t\t\t\t\t\t\t\t<ul><li><a href=\"http:\/\/www.port-armor.com\/public\/uploads\/2025\/03\/GA-Questionnaire-de-satisfaction-escales-rgpd-GB.pdf\" target=\"_blank\" rel=\"noopener\">Customer Satisfaction Survey<\/a><\/li><li><a href=\"http:\/\/www.port-armor.com\/public\/uploads\/2025\/03\/Customer-claim-form.pdf\" target=\"_blank\" rel=\"noopener\">Customer claim form<\/a><\/li><li><a href=\"http:\/\/www.port-armor.com\/public\/uploads\/2023\/11\/2023_Plan-SECU-Saint-Quay.pdf\" target=\"_blank\" rel=\"noopener\">Port Safety plan<\/a><\/li><\/ul>\t\t\t\t\t\t\t\t<\/div>\n\t\t\t\t<\/div>\n\t\t\t\t\t<\/div>\n\t\t<\/div>\n\t\t\t\t<div class=\"elementor-column elementor-col-33 elementor-inner-column elementor-element elementor-element-1cdad74\" data-id=\"1cdad74\" data-element_type=\"column\">\n\t\t\t<div class=\"elementor-widget-wrap elementor-element-populated\">\n\t\t\t\t\t\t<div class=\"elementor-element elementor-element-80b46d0 elementor-widget elementor-widget-heading\" data-id=\"80b46d0\" data-element_type=\"widget\" data-widget_type=\"heading.default\">\n\t\t\t\t<div class=\"elementor-widget-container\">\n\t\t\t\t\t<h2 class=\"elementor-heading-title elementor-size-large\">DOCUMENTS FOR ALL CONTRACTS:<\/h2>\t\t\t\t<\/div>\n\t\t\t\t<\/div>\n\t\t\t\t<div class=\"elementor-element elementor-element-33d2975 elementor-widget elementor-widget-text-editor\" data-id=\"33d2975\" data-element_type=\"widget\" data-widget_type=\"text-editor.default\">\n\t\t\t\t<div class=\"elementor-widget-container\">\n\t\t\t\t\t\t\t\t\t<ul><li><a href=\"https:\/\/www.port-armor.com\/public\/uploads\/2023\/01\/Mandat-SEPA.pdf\" target=\"_blank\" rel=\"noopener\">Direct debit mandate<\/a><\/li><li><a href=\"http:\/\/www.port-armor.com\/public\/uploads\/2025\/03\/Application-for-a-change-of-boat.pdf\" target=\"_blank\" rel=\"noopener\">Application for a change of boat<\/a><\/li><li><a href=\"http:\/\/www.port-armor.com\/public\/uploads\/2023\/08\/Application-for-a-change-of-mooring.pdf\" target=\"_blank\" rel=\"noopener\">Application for a change of mooring<\/a><\/li><li><a href=\"http:\/\/www.port-armor.com\/public\/uploads\/2025\/03\/Mooring-agreement-components.pdf\" target=\"_blank\" rel=\"noopener\">Mooring contract components<\/a><\/li><li><a href=\"http:\/\/www.port-armor.com\/public\/uploads\/2025\/03\/Declaration-of-leave.pdf\" target=\"_blank\" rel=\"noopener\">Declaration of leave<\/a><\/li><\/ul>\t\t\t\t\t\t\t\t<\/div>\n\t\t\t\t<\/div>\n\t\t\t\t\t<\/div>\n\t\t<\/div>\n\t\t\t\t<div class=\"elementor-column elementor-col-33 elementor-inner-column elementor-element elementor-element-2de0546\" data-id=\"2de0546\" data-element_type=\"column\">\n\t\t\t<div class=\"elementor-widget-wrap elementor-element-populated\">\n\t\t\t\t\t\t<div class=\"elementor-element elementor-element-bab1843 elementor-widget elementor-widget-heading\" data-id=\"bab1843\" data-element_type=\"widget\" data-widget_type=\"heading.default\">\n\t\t\t\t<div class=\"elementor-widget-container\">\n\t\t\t\t\t<h2 class=\"elementor-heading-title elementor-size-default\">ANNUAL MOORING:<\/h2>\t\t\t\t<\/div>\n\t\t\t\t<\/div>\n\t\t\t\t<div class=\"elementor-element elementor-element-60c0fbe elementor-widget elementor-widget-text-editor\" data-id=\"60c0fbe\" data-element_type=\"widget\" data-widget_type=\"text-editor.default\">\n\t\t\t\t<div class=\"elementor-widget-container\">\n\t\t\t\t\t\t\t\t\t<ul>\n<li><a href=\"https:\/\/www.port-armor.com\/public\/uploads\/2021\/06\/CONDITIONS-GENERALES-Contrat-annuel-idem-2020.pdf\" target=\"_blank\" rel=\"noopener\">General terms and conditions of a mooring<\/a><\/li>\n<li><a href=\"http:\/\/www.port-armor.com\/public\/uploads\/2023\/08\/Termination-of-an-annual-mooring-contract.pdf\" target=\"_blank\" rel=\"noopener\">Termination of an annual mooring contract<\/a><\/li>\n<\/ul>\n\t\t\t\t\t\t\t\t<\/div>\n\t\t\t\t<\/div>\n\t\t\t\t\t<\/div>\n\t\t<\/div>\n\t\t\t\t\t<\/div>\n\t\t<\/section>\n\t\t\t\t<section class=\"elementor-section elementor-inner-section elementor-element elementor-element-6fb1f47 elementor-section-boxed elementor-section-height-default elementor-section-height-default\" data-id=\"6fb1f47\" data-element_type=\"section\">\n\t\t\t\t\t\t<div class=\"elementor-container elementor-column-gap-default\">\n\t\t\t\t\t<div class=\"elementor-column elementor-col-100 elementor-inner-column elementor-element elementor-element-216bd88\" data-id=\"216bd88\" data-element_type=\"column\">\n\t\t\t<div class=\"elementor-widget-wrap elementor-element-populated\">\n\t\t\t\t\t\t<div class=\"elementor-element elementor-element-5206c52 elementor-widget elementor-widget-heading\" data-id=\"5206c52\" data-element_type=\"widget\" data-widget_type=\"heading.default\">\n\t\t\t\t<div class=\"elementor-widget-container\">\n\t\t\t\t\t<h2 class=\"elementor-heading-title elementor-size-default\">WAITING LIST:<\/h2>\t\t\t\t<\/div>\n\t\t\t\t<\/div>\n\t\t\t\t<div class=\"elementor-element elementor-element-6230af6 elementor-widget elementor-widget-text-editor\" data-id=\"6230af6\" data-element_type=\"widget\" data-widget_type=\"text-editor.default\">\n\t\t\t\t<div class=\"elementor-widget-container\">\n\t\t\t\t\t\t\t\t\t<ul><li><a href=\"http:\/\/www.port-armor.com\/public\/uploads\/2025\/03\/WAITING-LIST-PROCEDURE.pdf\" target=\"_blank\" rel=\"noopener\">Waiting list registration conditions<\/a><br \/><a href=\"http:\/\/www.port-armor.com\/public\/uploads\/2021\/10\/2021_Procedure-inscription-nveau-site.pdf\" target=\"_blank\" rel=\"noopener\">Tutorial: I register to the waiting list for the first time\u00a0<\/a><br \/><a href=\"http:\/\/www.port-armor.com\/public\/uploads\/2021\/10\/2021_Procedure-reinitialisation-mot-de-passe.pdf\" target=\"_blank\" rel=\"noopener\">Tutorial: I lost my password &#8211; How to reset ?<\/a><\/li><\/ul>\t\t\t\t\t\t\t\t<\/div>\n\t\t\t\t<\/div>\n\t\t\t\t\t<\/div>\n\t\t<\/div>\n\t\t\t\t\t<\/div>\n\t\t<\/section>\n\t\t\t\t\t<\/div>\n\t\t<\/div>\n\t\t\t\t\t<\/div>\n\t\t<\/section>\n\t\t\t\t<section class=\"elementor-section elementor-top-section elementor-element elementor-element-e7f4c0a telechargements_documents elementor-section-boxed elementor-section-height-default elementor-section-height-default\" data-id=\"e7f4c0a\" data-element_type=\"section\">\n\t\t\t\t\t\t<div class=\"elementor-container elementor-column-gap-default\">\n\t\t\t\t\t<div class=\"elementor-column elementor-col-100 elementor-top-column elementor-element elementor-element-8aaeb01\" data-id=\"8aaeb01\" data-element_type=\"column\">\n\t\t\t<div class=\"elementor-widget-wrap elementor-element-populated\">\n\t\t\t\t\t\t<section class=\"elementor-section elementor-inner-section elementor-element elementor-element-bfbc9fa elementor-section-boxed elementor-section-height-default elementor-section-height-default\" data-id=\"bfbc9fa\" data-element_type=\"section\">\n\t\t\t\t\t\t<div class=\"elementor-container elementor-column-gap-default\">\n\t\t\t\t\t<div class=\"elementor-column elementor-col-33 elementor-inner-column elementor-element elementor-element-c2d8364\" data-id=\"c2d8364\" data-element_type=\"column\">\n\t\t\t<div class=\"elementor-widget-wrap elementor-element-populated\">\n\t\t\t\t\t\t<div class=\"elementor-element elementor-element-635b704 elementor-widget elementor-widget-heading\" data-id=\"635b704\" data-element_type=\"widget\" data-widget_type=\"heading.default\">\n\t\t\t\t<div class=\"elementor-widget-container\">\n\t\t\t\t\t<h2 class=\"elementor-heading-title elementor-size-default\">ENVIRONMENT:<\/h2>\t\t\t\t<\/div>\n\t\t\t\t<\/div>\n\t\t\t\t<div class=\"elementor-element elementor-element-30eff6c elementor-widget elementor-widget-text-editor\" data-id=\"30eff6c\" data-element_type=\"widget\" data-widget_type=\"text-editor.default\">\n\t\t\t\t<div class=\"elementor-widget-container\">\n\t\t\t\t\t\t\t\t\t<ul><li><a href=\"http:\/\/www.port-armor.com\/public\/uploads\/2024\/03\/2024_Acte-de-vente-sous-seing-prive-RGPD.pdf\" target=\"_blank\" rel=\"noopener\">Waste\u00a0 reception plan<\/a><\/li><\/ul>\t\t\t\t\t\t\t\t<\/div>\n\t\t\t\t<\/div>\n\t\t\t\t\t<\/div>\n\t\t<\/div>\n\t\t\t\t<div class=\"elementor-column elementor-col-33 elementor-inner-column elementor-element elementor-element-3f68641\" data-id=\"3f68641\" data-element_type=\"column\">\n\t\t\t<div class=\"elementor-widget-wrap elementor-element-populated\">\n\t\t\t\t\t\t<div class=\"elementor-element elementor-element-39b1a8e elementor-widget elementor-widget-heading\" data-id=\"39b1a8e\" data-element_type=\"widget\" data-widget_type=\"heading.default\">\n\t\t\t\t<div class=\"elementor-widget-container\">\n\t\t\t\t\t<h2 class=\"elementor-heading-title elementor-size-default\">PORT REGULATIONS:<\/h2>\t\t\t\t<\/div>\n\t\t\t\t<\/div>\n\t\t\t\t<div class=\"elementor-element elementor-element-4332b4b elementor-widget elementor-widget-text-editor\" data-id=\"4332b4b\" data-element_type=\"widget\" data-widget_type=\"text-editor.default\">\n\t\t\t\t<div class=\"elementor-widget-container\">\n\t\t\t\t\t\t\t\t\t<ul>\n<li><a href=\"https:\/\/www.port-armor.com\/public\/uploads\/2021\/03\/4-cahier-des-charges-concession-du-port.pdf\" target=\"_blank\" rel=\"noopener\">Cahier des charges de la concession<\/a><\/li>\n<li><a href=\"https:\/\/www.port-armor.com\/public\/uploads\/2021\/03\/5-avenant-cahier-des-charges-concession-2012.pdf\" target=\"_blank\" rel=\"noopener\">Avenant au Cahier des charges<\/a><\/li>\n<li><a href=\"https:\/\/www.port-armor.com\/public\/uploads\/2021\/03\/REGLEMENT-POLICE-PORT-2016.pdf\" target=\"_blank\" rel=\"noopener\">R\u00e8glement particulier de police du 23 septembre 2016<\/a><\/li>\n<li><a href=\"https:\/\/www.port-armor.com\/public\/uploads\/2021\/06\/PLAN-PORT-Annexe-REG-POLICE2016.pdf\" target=\"_blank\" rel=\"noopener\">Plan de port annexe du r\u00e8glement de police<\/a><\/li>\n<\/ul>\n\t\t\t\t\t\t\t\t<\/div>\n\t\t\t\t<\/div>\n\t\t\t\t\t<\/div>\n\t\t<\/div>\n\t\t\t\t<div class=\"elementor-column elementor-col-33 elementor-inner-column elementor-element elementor-element-015f281\" data-id=\"015f281\" data-element_type=\"column\">\n\t\t\t<div class=\"elementor-widget-wrap elementor-element-populated\">\n\t\t\t\t\t\t<div class=\"elementor-element elementor-element-f4d58ae elementor-widget elementor-widget-heading\" data-id=\"f4d58ae\" data-element_type=\"widget\" data-widget_type=\"heading.default\">\n\t\t\t\t<div class=\"elementor-widget-container\">\n\t\t\t\t\t<h2 class=\"elementor-heading-title elementor-size-default\">MISCELLANEOUS:<\/h2>\t\t\t\t<\/div>\n\t\t\t\t<\/div>\n\t\t\t\t<div class=\"elementor-element elementor-element-145b9db elementor-widget elementor-widget-text-editor\" data-id=\"145b9db\" data-element_type=\"widget\" data-widget_type=\"text-editor.default\">\n\t\t\t\t<div class=\"elementor-widget-container\">\n\t\t\t\t\t\t\t\t\t<ul><li><a href=\"http:\/\/www.port-armor.com\/public\/uploads\/2023\/11\/2023_Plan-NEUTRE.pdf\" target=\"_blank\" rel=\"noopener\">Moorings Plan<\/a><\/li><li><a href=\"http:\/\/www.port-armor.com\/public\/uploads\/2025\/03\/Long-term-summer-stopover-booking.pdf\" target=\"_blank\" rel=\"noopener\">Long-term summer stopover booking<\/a><\/li><li><a href=\"http:\/\/www.port-armor.com\/public\/uploads\/2025\/03\/Wintering-contract-request.pdf\" target=\"_blank\" rel=\"noopener\">Wintering contract request<\/a><span style=\"color: #3366ff;\"><br \/><\/span><\/li><li><strong><span style=\"color: #3366ff;\"><a href=\"http:\/\/www.port-armor.com\/public\/uploads\/2024\/06\/Annexe-1-Formulaire-declaratif.pdf\" target=\"_blank\" rel=\"noopener\"><span style=\"color: #3366ff;\">Brexit : declaration of Arrival and Departure 2024<\/span><\/a><\/span><\/strong><\/li><li><a href=\"http:\/\/www.port-armor.com\/public\/uploads\/2024\/06\/Annexe-1-Formulaire-declaratif.odt\" target=\"_blank\" rel=\"noopener\">Other format\u00a0<\/a><\/li><li><a href=\"http:\/\/www.port-armor.com\/public\/uploads\/2023\/01\/Plaquette-de-pre%CC%81sentation-App-Plaisancier-SQP-V2.pdf\" target=\"_blank\" rel=\"noopener\"><span style=\"text-decoration: underline; color: #3366ff;\"><strong>New: Application download instructions<\/strong><\/span><\/a><\/li><\/ul>\t\t\t\t\t\t\t\t<\/div>\n\t\t\t\t<\/div>\n\t\t\t\t\t<\/div>\n\t\t<\/div>\n\t\t\t\t\t<\/div>\n\t\t<\/section>\n\t\t\t\t\t<\/div>\n\t\t<\/div>\n\t\t\t\t\t<\/div>\n\t\t<\/section>\n\t\t\t\t<\/div>\n\t\t","protected":false},"excerpt":{"rendered":"<p>QUALITY &#8211; SECURITY: Customer Satisfaction Survey Customer claim form Port Safety plan DOCUMENTS FOR ALL [&hellip;]<\/p>\n","protected":false},"author":1,"featured_media":0,"parent":3826,"menu_order":4,"comment_status":"closed","ping_status":"closed","template":"","meta":{"_acf_changed":false,"footnotes":""},"class_list":["post-13991","page","type-page","status-publish","hentry","wpbf-post"],"acf":[],"yoast_head":"<!-- This site is optimized with the Yoast SEO plugin v25.9 - https:\/\/yoast.com\/wordpress\/plugins\/seo\/ -->\n<title>Download Documents - Saint-Quay Port d&#039;Armor<\/title>\n<meta name=\"description\" content=\"Retrouvez l&#039;espace d\u00e9di\u00e9 aux t\u00e9l\u00e9chargements, des documents utiles pour vos d\u00e9marches durant votre s\u00e9jour au port\" \/>\n<meta name=\"robots\" content=\"index, follow, max-snippet:-1, max-image-preview:large, max-video-preview:-1\" \/>\n<link rel=\"canonical\" href=\"https:\/\/www.port-armor.com\/en\/online-services\/download-documents\/\" \/>\n<meta property=\"og:locale\" content=\"en_US\" \/>\n<meta property=\"og:type\" content=\"article\" \/>\n<meta property=\"og:title\" content=\"Download Documents - Saint-Quay Port d&#039;Armor\" \/>\n<meta property=\"og:description\" content=\"Retrouvez l&#039;espace d\u00e9di\u00e9 aux t\u00e9l\u00e9chargements, des documents utiles pour vos d\u00e9marches durant votre s\u00e9jour au port\" \/>\n<meta property=\"og:url\" content=\"https:\/\/www.port-armor.com\/en\/online-services\/download-documents\/\" \/>\n<meta property=\"og:site_name\" content=\"Saint-Quay Port d&#039;Armor\" \/>\n<meta property=\"article:modified_time\" content=\"2026-03-24T08:10:04+00:00\" \/>\n<meta name=\"twitter:card\" content=\"summary_large_image\" \/>\n<meta name=\"twitter:label1\" content=\"Est. reading time\" \/>\n\t<meta name=\"twitter:data1\" content=\"1 minute\" \/>\n<script type=\"application\/ld+json\" class=\"yoast-schema-graph\">{\"@context\":\"https:\/\/schema.org\",\"@graph\":[{\"@type\":\"WebPage\",\"@id\":\"https:\/\/www.port-armor.com\/en\/online-services\/download-documents\/\",\"url\":\"https:\/\/www.port-armor.com\/en\/online-services\/download-documents\/\",\"name\":\"Download Documents - Saint-Quay Port d&#039;Armor\",\"isPartOf\":{\"@id\":\"https:\/\/www.port-armor.com\/#website\"},\"datePublished\":\"2023-09-29T16:12:40+00:00\",\"dateModified\":\"2026-03-24T08:10:04+00:00\",\"description\":\"Retrouvez l'espace d\u00e9di\u00e9 aux t\u00e9l\u00e9chargements, des documents utiles pour vos d\u00e9marches durant votre s\u00e9jour au port\",\"breadcrumb\":{\"@id\":\"https:\/\/www.port-armor.com\/en\/online-services\/download-documents\/#breadcrumb\"},\"inLanguage\":\"en-US\",\"potentialAction\":[{\"@type\":\"ReadAction\",\"target\":[\"https:\/\/www.port-armor.com\/en\/online-services\/download-documents\/\"]}]},{\"@type\":\"BreadcrumbList\",\"@id\":\"https:\/\/www.port-armor.com\/en\/online-services\/download-documents\/#breadcrumb\",\"itemListElement\":[{\"@type\":\"ListItem\",\"position\":1,\"name\":\"Accueil\",\"item\":\"https:\/\/www.port-armor.com\/en\/\"},{\"@type\":\"ListItem\",\"position\":2,\"name\":\"Online services\",\"item\":\"https:\/\/www.port-armor.com\/demarches-en-ligne\/\"},{\"@type\":\"ListItem\",\"position\":3,\"name\":\"Download Documents\"}]},{\"@type\":\"WebSite\",\"@id\":\"https:\/\/www.port-armor.com\/#website\",\"url\":\"https:\/\/www.port-armor.com\/\",\"name\":\"Saint-Quay Port d&#039;Armor\",\"description\":\"\",\"potentialAction\":[{\"@type\":\"SearchAction\",\"target\":{\"@type\":\"EntryPoint\",\"urlTemplate\":\"https:\/\/www.port-armor.com\/?s={search_term_string}\"},\"query-input\":{\"@type\":\"PropertyValueSpecification\",\"valueRequired\":true,\"valueName\":\"search_term_string\"}}],\"inLanguage\":\"en-US\"}]}<\/script>\n<!-- \/ Yoast SEO plugin. -->","yoast_head_json":{"title":"Download Documents - Saint-Quay Port d&#039;Armor","description":"Retrouvez l'espace d\u00e9di\u00e9 aux t\u00e9l\u00e9chargements, des documents utiles pour vos d\u00e9marches durant votre s\u00e9jour au port","robots":{"index":"index","follow":"follow","max-snippet":"max-snippet:-1","max-image-preview":"max-image-preview:large","max-video-preview":"max-video-preview:-1"},"canonical":"https:\/\/www.port-armor.com\/en\/online-services\/download-documents\/","og_locale":"en_US","og_type":"article","og_title":"Download Documents - Saint-Quay Port d&#039;Armor","og_description":"Retrouvez l'espace d\u00e9di\u00e9 aux t\u00e9l\u00e9chargements, des documents utiles pour vos d\u00e9marches durant votre s\u00e9jour au port","og_url":"https:\/\/www.port-armor.com\/en\/online-services\/download-documents\/","og_site_name":"Saint-Quay Port d&#039;Armor","article_modified_time":"2026-03-24T08:10:04+00:00","twitter_card":"summary_large_image","twitter_misc":{"Est. reading time":"1 minute"},"schema":{"@context":"https:\/\/schema.org","@graph":[{"@type":"WebPage","@id":"https:\/\/www.port-armor.com\/en\/online-services\/download-documents\/","url":"https:\/\/www.port-armor.com\/en\/online-services\/download-documents\/","name":"Download Documents - Saint-Quay Port d&#039;Armor","isPartOf":{"@id":"https:\/\/www.port-armor.com\/#website"},"datePublished":"2023-09-29T16:12:40+00:00","dateModified":"2026-03-24T08:10:04+00:00","description":"Retrouvez l'espace d\u00e9di\u00e9 aux t\u00e9l\u00e9chargements, des documents utiles pour vos d\u00e9marches durant votre s\u00e9jour au port","breadcrumb":{"@id":"https:\/\/www.port-armor.com\/en\/online-services\/download-documents\/#breadcrumb"},"inLanguage":"en-US","potentialAction":[{"@type":"ReadAction","target":["https:\/\/www.port-armor.com\/en\/online-services\/download-documents\/"]}]},{"@type":"BreadcrumbList","@id":"https:\/\/www.port-armor.com\/en\/online-services\/download-documents\/#breadcrumb","itemListElement":[{"@type":"ListItem","position":1,"name":"Accueil","item":"https:\/\/www.port-armor.com\/en\/"},{"@type":"ListItem","position":2,"name":"Online services","item":"https:\/\/www.port-armor.com\/demarches-en-ligne\/"},{"@type":"ListItem","position":3,"name":"Download Documents"}]},{"@type":"WebSite","@id":"https:\/\/www.port-armor.com\/#website","url":"https:\/\/www.port-armor.com\/","name":"Saint-Quay Port d&#039;Armor","description":"","potentialAction":[{"@type":"SearchAction","target":{"@type":"EntryPoint","urlTemplate":"https:\/\/www.port-armor.com\/?s={search_term_string}"},"query-input":{"@type":"PropertyValueSpecification","valueRequired":true,"valueName":"search_term_string"}}],"inLanguage":"en-US"}]}},"_links":{"self":[{"href":"https:\/\/www.port-armor.com\/en\/wp-json\/wp\/v2\/pages\/13991","targetHints":{"allow":["GET"]}}],"collection":[{"href":"https:\/\/www.port-armor.com\/en\/wp-json\/wp\/v2\/pages"}],"about":[{"href":"https:\/\/www.port-armor.com\/en\/wp-json\/wp\/v2\/types\/page"}],"author":[{"embeddable":true,"href":"https:\/\/www.port-armor.com\/en\/wp-json\/wp\/v2\/users\/1"}],"replies":[{"embeddable":true,"href":"https:\/\/www.port-armor.com\/en\/wp-json\/wp\/v2\/comments?post=13991"}],"version-history":[{"count":75,"href":"https:\/\/www.port-armor.com\/en\/wp-json\/wp\/v2\/pages\/13991\/revisions"}],"predecessor-version":[{"id":19726,"href":"https:\/\/www.port-armor.com\/en\/wp-json\/wp\/v2\/pages\/13991\/revisions\/19726"}],"up":[{"embeddable":true,"href":"https:\/\/www.port-armor.com\/en\/wp-json\/wp\/v2\/pages\/3826"}],"wp:attachment":[{"href":"https:\/\/www.port-armor.com\/en\/wp-json\/wp\/v2\/media?parent=13991"}],"curies":[{"name":"wp","href":"https:\/\/api.w.org\/{rel}","templated":true}]}}